{"id":782,"date":"2022-12-19T21:36:05","date_gmt":"2022-12-19T21:36:05","guid":{"rendered":"https:\/\/ijcieom.org\/2023\/?page_id=782"},"modified":"2023-03-30T13:54:35","modified_gmt":"2023-03-30T13:54:35","slug":"awards","status":"publish","type":"page","link":"https:\/\/ijcieom.org\/2023\/?page_id=782","title":{"rendered":"Awards"},"content":{"rendered":"\t\t<div data-elementor-type=\"wp-page\" data-elementor-id=\"782\" class=\"elementor elementor-782\" data-elementor-settings=\"[]\">\n\t\t\t<div class=\"elementor-inner\">\n\t\t\t\t<div class=\"elementor-section-wrap\">\n\t\t\t\t\t\t\t<section class=\"elementor-element elementor-element-241d8ce elementor-section-stretched elementor-section-full_width elementor-section-content-middle elementor-section-height-default elementor-section-height-default elementor-section elementor-top-section\" data-id=\"241d8ce\" data-element_type=\"section\" id=\"stickmenu\" data-settings=\"{&quot;stretch_section&quot;:&quot;section-stretched&quot;,&quot;background_background&quot;:&quot;classic&quot;}\">\n\t\t\t\t\t\t<div class=\"elementor-container elementor-column-gap-default\">\n\t\t\t\t<div class=\"elementor-row\">\n\t\t\t\t<div class=\"elementor-element elementor-element-36ad508 elementor-column elementor-col-33 elementor-top-column\" data-id=\"36ad508\" data-element_type=\"column\">\n\t\t\t<div class=\"elementor-column-wrap  elementor-element-populated\">\n\t\t\t\t\t<div class=\"elementor-widget-wrap\">\n\t\t\t\t<div class=\"elementor-element elementor-element-07cc4e2 elementor-widget elementor-widget-image\" data-id=\"07cc4e2\" data-element_type=\"widget\" data-widget_type=\"image.default\">\n\t\t\t\t<div class=\"elementor-widget-container\">\n\t\t\t\t\t<div class=\"elementor-image\">\n\t\t\t\t\t\t\t\t\t\t<img decoding=\"async\" src=\"https:\/\/ijcieom.org\/2023\/wp-content\/uploads\/2022\/10\/Logo-IJCIEOM-2022.png\" title=\"Logo IJCIEOM 2022\" alt=\"Logo IJCIEOM 2022\" \/>\t\t\t\t\t\t\t\t\t\t\t<\/div>\n\t\t\t\t<\/div>\n\t\t\t\t<\/div>\n\t\t\t\t\t\t<\/div>\n\t\t\t<\/div>\n\t\t<\/div>\n\t\t\t\t<div class=\"elementor-element elementor-element-01f9546 elementor-column elementor-col-33 elementor-top-column\" data-id=\"01f9546\" data-element_type=\"column\">\n\t\t\t<div class=\"elementor-column-wrap  elementor-element-populated\">\n\t\t\t\t\t<div class=\"elementor-widget-wrap\">\n\t\t\t\t<div class=\"elementor-element elementor-element-7a05eef elementor-align-center elementor-mobile-align-center elementor-widget elementor-widget-default-navmenu\" data-id=\"7a05eef\" data-element_type=\"widget\" data-widget_type=\"default-navmenu.default\">\n\t\t\t\t<div class=\"elementor-widget-container\">\n\t\t\t<div id=\"elementor-header-primary\" class=\"elementor-header\">\t\t\t<button id=\"elementor-menu-toggle\" class=\"elementor-menu-toggle\"><i class=\"fa fa-navicon\"><\/i><\/button>\n\t\t\t<div id=\"elementor-menu\" class=\"elementor-menu\">\n\t\t\t\n\t\t\t\t<nav itemtype=\"http:\/\/schema.org\/SiteNavigationElement\" itemscope=\"itemscope\" id=\"elementor-navigation\" class=\"elementor-navigation\" role=\"navigation\" aria-label=\"Elementor Menu\">\t\t\t\t\n\t\t\t\t<ul id=\"elementor-navmenu\" class=\"elementor-nav-menu\"><li id=\"menu-item-52\" class=\"menu-item menu-item-type-post_type menu-item-object-page menu-item-home menu-item-52\"><a href=\"https:\/\/ijcieom.org\/2023\/\">Home<\/a><\/li>\n<li id=\"menu-item-91\" class=\"menu-item menu-item-type-post_type menu-item-object-page menu-item-has-children menu-item-91\"><a href=\"https:\/\/ijcieom.org\/2023\/?page_id=54\">Submission<\/a>\n<ul class=\"sub-menu\">\n\t<li id=\"menu-item-784\" class=\"menu-item menu-item-type-post_type menu-item-object-page menu-item-784\"><a href=\"https:\/\/ijcieom.org\/2023\/?page_id=782\">Awards<\/a><\/li>\n<\/ul>\n<\/li>\n<li id=\"menu-item-95\" class=\"menu-item menu-item-type-post_type menu-item-object-page menu-item-95\"><a href=\"https:\/\/ijcieom.org\/2023\/?page_id=94\">Registration<\/a><\/li>\n<li id=\"menu-item-150\" class=\"menu-item menu-item-type-post_type menu-item-object-page menu-item-150\"><a href=\"https:\/\/ijcieom.org\/2023\/?page_id=148\">Agenda &#038; Keynotes<\/a><\/li>\n<li id=\"menu-item-846\" class=\"menu-item menu-item-type-custom menu-item-object-custom menu-item-has-children menu-item-846\"><a href=\"https:\/\/ijcieom.org\/2023\/?page_id=240\">Practical Information<\/a>\n<ul class=\"sub-menu\">\n\t<li id=\"menu-item-788\" class=\"menu-item menu-item-type-post_type menu-item-object-page menu-item-788\"><a href=\"https:\/\/ijcieom.org\/2023\/?page_id=240\">Venue<\/a><\/li>\n\t<li id=\"menu-item-863\" class=\"menu-item menu-item-type-post_type menu-item-object-page menu-item-863\"><a href=\"https:\/\/ijcieom.org\/2023\/?page_id=861\">Official Carrier<\/a><\/li>\n\t<li id=\"menu-item-144\" class=\"menu-item menu-item-type-post_type menu-item-object-page menu-item-144\"><a href=\"https:\/\/ijcieom.org\/2023\/?page_id=142\">Committees<\/a><\/li>\n\t<li id=\"menu-item-489\" class=\"menu-item menu-item-type-post_type menu-item-object-page menu-item-489\"><a href=\"https:\/\/ijcieom.org\/2023\/?page_id=488\">Previous editions<\/a><\/li>\n<\/ul>\n<\/li>\n<\/ul>\t\t\n\t\t\t\t\t\t\t\t<\/nav>\n\t\t\t<\/div>\n\t\t<\/div>\n\t\t\t\t<\/div>\n\t\t\t\t<\/div>\n\t\t\t\t\t\t<\/div>\n\t\t\t<\/div>\n\t\t<\/div>\n\t\t\t\t<div class=\"elementor-element elementor-element-f519c11 elementor-column elementor-col-33 elementor-top-column\" data-id=\"f519c11\" data-element_type=\"column\">\n\t\t\t<div class=\"elementor-column-wrap  elementor-element-populated\">\n\t\t\t\t\t<div class=\"elementor-widget-wrap\">\n\t\t\t\t<div class=\"elementor-element elementor-element-880ab40 elementor-hidden-desktop elementor-widget elementor-widget-text-editor\" data-id=\"880ab40\" data-element_type=\"widget\" data-widget_type=\"text-editor.default\">\n\t\t\t\t<div class=\"elementor-widget-container\">\n\t\t\t\t\t<div class=\"elementor-text-editor elementor-clearfix\"><p><strong>MENU<\/strong><\/p><\/div>\n\t\t\t\t<\/div>\n\t\t\t\t<\/div>\n\t\t\t\t\t\t<\/div>\n\t\t\t<\/div>\n\t\t<\/div>\n\t\t\t\t\t\t<\/div>\n\t\t\t<\/div>\n\t\t<\/section>\n\t\t\t\t<section class=\"elementor-element elementor-element-ac18672 elementor-section-height-min-height elementor-section-boxed elementor-section-height-default elementor-section-items-middle elementor-section elementor-top-section\" data-id=\"ac18672\" data-element_type=\"section\" data-settings=\"{&quot;background_background&quot;:&quot;classic&quot;}\">\n\t\t\t\t\t\t\t<div class=\"elementor-background-overlay\"><\/div>\n\t\t\t\t\t\t\t<div class=\"elementor-container elementor-column-gap-default\">\n\t\t\t\t<div class=\"elementor-row\">\n\t\t\t\t<div class=\"elementor-element elementor-element-ddefa30 elementor-column elementor-col-50 elementor-top-column\" data-id=\"ddefa30\" data-element_type=\"column\">\n\t\t\t<div class=\"elementor-column-wrap  elementor-element-populated\">\n\t\t\t\t\t<div class=\"elementor-widget-wrap\">\n\t\t\t\t<div class=\"elementor-element elementor-element-1170507 elementor-invisible elementor-widget elementor-widget-image\" data-id=\"1170507\" data-element_type=\"widget\" data-settings=\"{&quot;_animation&quot;:&quot;fadeInLeft&quot;}\" data-widget_type=\"image.default\">\n\t\t\t\t<div class=\"elementor-widget-container\">\n\t\t\t\t\t<div class=\"elementor-image\">\n\t\t\t\t\t\t\t\t\t\t<img width=\"1024\" height=\"724\" src=\"https:\/\/ijcieom.org\/2023\/wp-content\/uploads\/2022\/10\/Logo-IJCIEOM-2022-1024x724.png\" class=\"attachment-large size-large\" alt=\"\" decoding=\"async\" loading=\"lazy\" srcset=\"https:\/\/ijcieom.org\/2023\/wp-content\/uploads\/2022\/10\/Logo-IJCIEOM-2022-1024x724.png 1024w, https:\/\/ijcieom.org\/2023\/wp-content\/uploads\/2022\/10\/Logo-IJCIEOM-2022-300x212.png 300w, https:\/\/ijcieom.org\/2023\/wp-content\/uploads\/2022\/10\/Logo-IJCIEOM-2022-768x543.png 768w, https:\/\/ijcieom.org\/2023\/wp-content\/uploads\/2022\/10\/Logo-IJCIEOM-2022-1536x1086.png 1536w, https:\/\/ijcieom.org\/2023\/wp-content\/uploads\/2022\/10\/Logo-IJCIEOM-2022-2048x1448.png 2048w\" sizes=\"(max-width: 1024px) 100vw, 1024px\" \/>\t\t\t\t\t\t\t\t\t\t\t<\/div>\n\t\t\t\t<\/div>\n\t\t\t\t<\/div>\n\t\t\t\t\t\t<\/div>\n\t\t\t<\/div>\n\t\t<\/div>\n\t\t\t\t<div class=\"elementor-element elementor-element-75aacb2 elementor-column elementor-col-50 elementor-top-column\" data-id=\"75aacb2\" data-element_type=\"column\">\n\t\t\t<div class=\"elementor-column-wrap  elementor-element-populated\">\n\t\t\t\t\t<div class=\"elementor-widget-wrap\">\n\t\t\t\t<div class=\"elementor-element elementor-element-7f18f63 elementor-widget elementor-widget-spacer\" data-id=\"7f18f63\" data-element_type=\"widget\" data-widget_type=\"spacer.default\">\n\t\t\t\t<div class=\"elementor-widget-container\">\n\t\t\t\t\t<div class=\"elementor-spacer\">\n\t\t\t<div class=\"elementor-spacer-inner\"><\/div>\n\t\t<\/div>\n\t\t\t\t<\/div>\n\t\t\t\t<\/div>\n\t\t\t\t<div class=\"elementor-element elementor-element-a4dcbf5 elementor-invisible elementor-widget elementor-widget-text-editor\" data-id=\"a4dcbf5\" data-element_type=\"widget\" data-settings=\"{&quot;_animation&quot;:&quot;fadeInRight&quot;}\" data-widget_type=\"text-editor.default\">\n\t\t\t\t<div class=\"elementor-widget-container\">\n\t\t\t\t\t<div class=\"elementor-text-editor elementor-clearfix\"><p>29th IJCIEOM &#8211; International Joint Conference on Industrial Engineering and Operations Management<\/p><\/div>\n\t\t\t\t<\/div>\n\t\t\t\t<\/div>\n\t\t\t\t<div class=\"elementor-element elementor-element-7fbd834 elementor-widget-divider--view-line elementor-invisible elementor-widget elementor-widget-divider\" data-id=\"7fbd834\" data-element_type=\"widget\" data-settings=\"{&quot;_animation&quot;:&quot;fadeInRight&quot;}\" data-widget_type=\"divider.default\">\n\t\t\t\t<div class=\"elementor-widget-container\">\n\t\t\t\t\t<div class=\"elementor-divider\">\n\t\t\t<span class=\"elementor-divider-separator\">\n\t\t\t\t\t\t<\/span>\n\t\t<\/div>\n\t\t\t\t<\/div>\n\t\t\t\t<\/div>\n\t\t\t\t<div class=\"elementor-element elementor-element-2ea96fe elementor-invisible elementor-widget elementor-widget-text-editor\" data-id=\"2ea96fe\" data-element_type=\"widget\" data-settings=\"{&quot;_animation&quot;:&quot;fadeInRight&quot;}\" data-widget_type=\"text-editor.default\">\n\t\t\t\t<div class=\"elementor-widget-container\">\n\t\t\t\t\t<div class=\"elementor-text-editor elementor-clearfix\"><p>AWARDS\/PUBLICATIONS<\/p><\/div>\n\t\t\t\t<\/div>\n\t\t\t\t<\/div>\n\t\t\t\t\t\t<\/div>\n\t\t\t<\/div>\n\t\t<\/div>\n\t\t\t\t\t\t<\/div>\n\t\t\t<\/div>\n\t\t<\/section>\n\t\t\t\t<section class=\"elementor-element elementor-element-21a49ca elementor-section-boxed elementor-section-height-default elementor-section-height-default elementor-section elementor-top-section\" data-id=\"21a49ca\" data-element_type=\"section\">\n\t\t\t\t\t\t<div class=\"elementor-container elementor-column-gap-default\">\n\t\t\t\t<div class=\"elementor-row\">\n\t\t\t\t<div class=\"elementor-element elementor-element-4812b16 elementor-column elementor-col-100 elementor-top-column\" data-id=\"4812b16\" data-element_type=\"column\">\n\t\t\t<div class=\"elementor-column-wrap  elementor-element-populated\">\n\t\t\t\t\t<div class=\"elementor-widget-wrap\">\n\t\t\t\t<div class=\"elementor-element elementor-element-17ea790 elementor-invisible elementor-widget elementor-widget-divider\" data-id=\"17ea790\" data-element_type=\"widget\" data-settings=\"{&quot;_animation&quot;:&quot;fadeInRight&quot;}\" data-widget_type=\"divider.default\">\n\t\t\t\t<div class=\"elementor-widget-container\">\n\t\t\t\t\t<div class=\"elementor-divider\">\n\t\t\t<span class=\"elementor-divider-separator\">\n\t\t\t\t\t\t<\/span>\n\t\t<\/div>\n\t\t\t\t<\/div>\n\t\t\t\t<\/div>\n\t\t\t\t<div class=\"elementor-element elementor-element-fab8ebd elementor-widget elementor-widget-heading\" data-id=\"fab8ebd\" data-element_type=\"widget\" data-widget_type=\"heading.default\">\n\t\t\t\t<div class=\"elementor-widget-container\">\n\t\t\t<h2 class=\"elementor-heading-title elementor-size-large\">Awards<\/h2>\t\t<\/div>\n\t\t\t\t<\/div>\n\t\t\t\t<div class=\"elementor-element elementor-element-e82f0be elementor-invisible elementor-widget elementor-widget-text-editor\" data-id=\"e82f0be\" data-element_type=\"widget\" data-settings=\"{&quot;_animation&quot;:&quot;fadeInLeft&quot;}\" data-widget_type=\"text-editor.default\">\n\t\t\t\t<div class=\"elementor-widget-container\">\n\t\t\t\t\t<div class=\"elementor-text-editor elementor-clearfix\"><p>The 29<sup>th<\/sup> IJCIEOM will award two prizes for the best paper:<\/p><p>1) Prof. David Clay Whybark Award is aimed at senior researchers who have excelled in the field of industrial engineering and operations management \u2013 this award is for the best article in which the first author is a senior researcher; and<\/p><p>2) the student award will be given to the best work in which the first author is developing his doctoral thesis or master&#8217;s dissertation.<\/p><\/div>\n\t\t\t\t<\/div>\n\t\t\t\t<\/div>\n\t\t\t\t<div class=\"elementor-element elementor-element-981b553 elementor-widget elementor-widget-heading\" data-id=\"981b553\" data-element_type=\"widget\" data-widget_type=\"heading.default\">\n\t\t\t\t<div class=\"elementor-widget-container\">\n\t\t\t<h2 class=\"elementor-heading-title elementor-size-large\">Publication and Indexing<\/h2>\t\t<\/div>\n\t\t\t\t<\/div>\n\t\t\t\t<div class=\"elementor-element elementor-element-91bacdb elementor-invisible elementor-widget elementor-widget-text-editor\" data-id=\"91bacdb\" data-element_type=\"widget\" data-settings=\"{&quot;_animation&quot;:&quot;fadeInLeft&quot;}\" data-widget_type=\"text-editor.default\">\n\t\t\t\t<div class=\"elementor-widget-container\">\n\t\t\t\t\t<div class=\"elementor-text-editor elementor-clearfix\"><p>Full papers will be published in Springer Proceedings in Mathematics &amp; Statistics.<\/p><p>Published full papers will be submitted for indexation by Scopus, DBLP, Google Scholar, among others, and will be available in the SpringerLink Digital Library.<\/p><p>The authors of the best selected papers will be invited to extend them for publication in international journals indexed by WoS\/SCI, SCOPUS, among others, such as:<\/p><ul><li><a href=\"https:\/\/bar.anpad.org.br\/index.php\/bar\">Brazilian Administration Review<\/a> (BAR) (Scopus Q3);<\/li><li><a href=\"https:\/\/bjopm.org.br\/bjopm\/about\">Brazilian Journal of Operations &amp; Production Management<\/a> (Recently indexed to Scopus);<\/li><li><a href=\"https:\/\/www.revistadyo.es\/DyO\/index.php\/dyo\">Direcci\u00f3n Y Organizaci\u00f3n (Scopus Q3);<\/a><\/li><li><a href=\"http:\/\/ojs.upv.es\/index.php\/IJPME\">International Journal of Production Management Engineering (Scopus Q4);<\/a><\/li><li><a href=\"https:\/\/rac.anpad.org.br\/index.php\/rac\">Journal of Contemporary Administration<\/a> (Revista de Administra\u00e7\u00e3o Contempor\u00e2nea &#8211; RAC) (Scopus Q4);<\/li><li><a href=\"https:\/\/www.jiem.org\/index.php\/jiem\">Journal of Industrial Engineering and Management<\/a> (Scopus Q2);<\/li><li><a href=\"https:\/\/www.prod.org.br\/\">Journal Production<\/a> (Scopus Q3);<\/li><\/ul><p>More information regarding Special Issues and Fast Tracks will be available soon.<\/p><\/div>\n\t\t\t\t<\/div>\n\t\t\t\t<\/div>\n\t\t\t\t<div class=\"elementor-element elementor-element-4e5bfb2 elementor-widget elementor-widget-heading\" data-id=\"4e5bfb2\" data-element_type=\"widget\" data-widget_type=\"heading.default\">\n\t\t\t\t<div class=\"elementor-widget-container\">\n\t\t\t<h2 class=\"elementor-heading-title elementor-size-large\">Previous IJCIEOM Proceedings<\/h2>\t\t<\/div>\n\t\t\t\t<\/div>\n\t\t\t\t<div class=\"elementor-element elementor-element-57f48f5 elementor-invisible elementor-widget elementor-widget-text-editor\" data-id=\"57f48f5\" data-element_type=\"widget\" data-settings=\"{&quot;_animation&quot;:&quot;fadeInLeft&quot;}\" data-widget_type=\"text-editor.default\">\n\t\t\t\t<div class=\"elementor-widget-container\">\n\t\t\t\t\t<div class=\"elementor-text-editor elementor-clearfix\"><p><a href=\"https:\/\/link.springer.com\/book\/10.1007\/978-3-031-14763-0\" target=\"_blank\" rel=\"noopener\">IJCIEOM 2022 | 17-20 July\u00a0|\u00a0Mexico City, Mexico<\/a><\/p><p><a href=\"https:\/\/link.springer.com\/book\/10.1007\/978-3-030-56920-4\" target=\"_blank\" rel=\"noopener\">IJCIEOM 2021 | 22-24 February\u00a0|\u00a0Rio de Janeiro, Brazil<\/a><\/p><p><a href=\"https:\/\/link.springer.com\/book\/10.1007\/978-3-030-56920-4\" target=\"_blank\" rel=\"noopener\">IJCIEOM 2020 | 08-11 July\u00a0|\u00a0Rio de Janeiro, Brazil<\/a><\/p><p><a href=\"https:\/\/link.springer.com\/book\/10.1007\/978-3-030-43616-2\" target=\"_blank\" rel=\"noopener\">IJCIEOM 2019 | 15-17 July\u00a0|\u00a0Novi Sad, Serbia<\/a><\/p><p>IJCIEOM 2018 | 18-20 July\u00a0|\u00a0Lisbon, Portugal<\/p><ul><li><a href=\"https:\/\/link.springer.com\/book\/10.1007\/978-3-030-14969-7\" target=\"_blank\" rel=\"noopener\">Volume 1<\/a>\u00a0<\/li><li><a href=\"https:\/\/link.springer.com\/book\/10.1007\/978-3-030-14973-4\" target=\"_blank\" rel=\"noopener\">Volume 2<\/a><\/li><\/ul><\/div>\n\t\t\t\t<\/div>\n\t\t\t\t<\/div>\n\t\t\t\t\t\t<\/div>\n\t\t\t<\/div>\n\t\t<\/div>\n\t\t\t\t\t\t<\/div>\n\t\t\t<\/div>\n\t\t<\/section>\n\t\t\t\t<section class=\"elementor-element elementor-element-066d4a8 elementor-section-stretched elementor-section-full_width elementor-section-height-min-height elementor-section-height-default elementor-section-items-middle elementor-section elementor-top-section\" data-id=\"066d4a8\" data-element_type=\"section\" data-settings=\"{&quot;stretch_section&quot;:&quot;section-stretched&quot;}\">\n\t\t\t\t\t\t\t<div class=\"elementor-background-overlay\"><\/div>\n\t\t\t\t\t\t\t<div class=\"elementor-container elementor-column-gap-default\">\n\t\t\t\t<div class=\"elementor-row\">\n\t\t\t\t<div class=\"elementor-element elementor-element-6bcdde2 elementor-column elementor-col-100 elementor-top-column\" data-id=\"6bcdde2\" data-element_type=\"column\">\n\t\t\t<div class=\"elementor-column-wrap  elementor-element-populated\">\n\t\t\t\t\t<div class=\"elementor-widget-wrap\">\n\t\t\t\t<div class=\"elementor-element elementor-element-c0900d5 elementor-invisible elementor-widget elementor-widget-heading\" data-id=\"c0900d5\" data-element_type=\"widget\" data-settings=\"{&quot;_animation&quot;:&quot;fadeInLeft&quot;}\" data-widget_type=\"heading.default\">\n\t\t\t\t<div class=\"elementor-widget-container\">\n\t\t\t<h2 class=\"elementor-heading-title elementor-size-large\">registration<\/h2>\t\t<\/div>\n\t\t\t\t<\/div>\n\t\t\t\t<div class=\"elementor-element elementor-element-682ba38 elementor-invisible elementor-widget elementor-widget-heading\" data-id=\"682ba38\" data-element_type=\"widget\" data-settings=\"{&quot;_animation&quot;:&quot;fadeInLeft&quot;}\" data-widget_type=\"heading.default\">\n\t\t\t\t<div class=\"elementor-widget-container\">\n\t\t\t<p class=\"elementor-heading-title elementor-size-medium\">This conference is aimed to enhance connection between academia and industry and to gather researchers and practitioners specializing<\/p>\t\t<\/div>\n\t\t\t\t<\/div>\n\t\t\t\t<div class=\"elementor-element elementor-element-981d626 elementor-button-info elementor-align-center elementor-invisible elementor-widget elementor-widget-button\" data-id=\"981d626\" data-element_type=\"widget\" data-settings=\"{&quot;_animation&quot;:&quot;fadeInLeft&quot;}\" data-widget_type=\"button.default\">\n\t\t\t\t<div class=\"elementor-widget-container\">\n\t\t\t\t\t<div class=\"elementor-button-wrapper\">\n\t\t\t<a href=\"http:\/\/portalabepro.educacao.ws\/ijcieom\/restrito\/index.php\" target=\"_blank\" class=\"elementor-button-link elementor-button elementor-size-sm elementor-animation-grow\" role=\"button\">\n\t\t\t\t\t\t<span class=\"elementor-button-content-wrapper\">\n\t\t\t\t\t\t<span class=\"elementor-button-text\">Register Here<\/span>\n\t\t<\/span>\n\t\t\t\t\t<\/a>\n\t\t<\/div>\n\t\t\t\t<\/div>\n\t\t\t\t<\/div>\n\t\t\t\t\t\t<\/div>\n\t\t\t<\/div>\n\t\t<\/div>\n\t\t\t\t\t\t<\/div>\n\t\t\t<\/div>\n\t\t<\/section>\n\t\t\t\t<section class=\"elementor-element elementor-element-2e79fc6 elementor-section-boxed elementor-section-height-default elementor-section-height-default elementor-section elementor-top-section\" data-id=\"2e79fc6\" data-element_type=\"section\">\n\t\t\t\t\t\t<div class=\"elementor-container elementor-column-gap-default\">\n\t\t\t\t<div class=\"elementor-row\">\n\t\t\t\t<div class=\"elementor-element elementor-element-305c7c5 elementor-column elementor-col-100 elementor-top-column\" data-id=\"305c7c5\" data-element_type=\"column\">\n\t\t\t<div class=\"elementor-column-wrap  elementor-element-populated\">\n\t\t\t\t\t<div class=\"elementor-widget-wrap\">\n\t\t\t\t<div class=\"elementor-element elementor-element-c6835bb elementor-widget elementor-widget-spacer\" data-id=\"c6835bb\" data-element_type=\"widget\" data-widget_type=\"spacer.default\">\n\t\t\t\t<div class=\"elementor-widget-container\">\n\t\t\t\t\t<div class=\"elementor-spacer\">\n\t\t\t<div class=\"elementor-spacer-inner\"><\/div>\n\t\t<\/div>\n\t\t\t\t<\/div>\n\t\t\t\t<\/div>\n\t\t\t\t<div class=\"elementor-element elementor-element-d821f85 elementor-widget elementor-widget-text-editor\" data-id=\"d821f85\" data-element_type=\"widget\" data-widget_type=\"text-editor.default\">\n\t\t\t\t<div class=\"elementor-widget-container\">\n\t\t\t\t\t<div class=\"elementor-text-editor elementor-clearfix\"><p>By ABEPRO \/\u00a0<span style=\"font-family: Roboto, sans-serif; font-size: 17px; font-style: normal; font-variant-ligatures: normal; font-variant-caps: normal; font-weight: 400;\">ijcieom@abepro.org.br\u00a0<\/span><\/p><\/div>\n\t\t\t\t<\/div>\n\t\t\t\t<\/div>\n\t\t\t\t\t\t<\/div>\n\t\t\t<\/div>\n\t\t<\/div>\n\t\t\t\t\t\t<\/div>\n\t\t\t<\/div>\n\t\t<\/section>\n\t\t\t\t\t\t<\/div>\n\t\t\t<\/div>\n\t\t<\/div>\n\t\t","protected":false},"excerpt":{"rendered":"<p>Home Submission Awards Registration Agenda &#038; Keynotes Practical Information Venue Committees Previous editions MENU 29th IJCIEOM &#8211; International Joint Conference on Industrial Engineering and Operations Management AWARDS\/PUBLICATIONS Awards The 29th IJCIEOM will award two prizes for the best paper: 1) Prof. David Clay Whybark Award is aimed at senior researchers who have excelled in the [&hellip;]<\/p>\n","protected":false},"author":1,"featured_media":0,"parent":0,"menu_order":0,"comment_status":"closed","ping_status":"closed","template":"elementor_canvas","meta":[],"_links":{"self":[{"href":"https:\/\/ijcieom.org\/2023\/index.php?rest_route=\/wp\/v2\/pages\/782"}],"collection":[{"href":"https:\/\/ijcieom.org\/2023\/index.php?rest_route=\/wp\/v2\/pages"}],"about":[{"href":"https:\/\/ijcieom.org\/2023\/index.php?rest_route=\/wp\/v2\/types\/page"}],"author":[{"embeddable":true,"href":"https:\/\/ijcieom.org\/2023\/index.php?rest_route=\/wp\/v2\/users\/1"}],"replies":[{"embeddable":true,"href":"https:\/\/ijcieom.org\/2023\/index.php?rest_route=%2Fwp%2Fv2%2Fcomments&post=782"}],"version-history":[{"count":5,"href":"https:\/\/ijcieom.org\/2023\/index.php?rest_route=\/wp\/v2\/pages\/782\/revisions"}],"predecessor-version":[{"id":854,"href":"https:\/\/ijcieom.org\/2023\/index.php?rest_route=\/wp\/v2\/pages\/782\/revisions\/854"}],"wp:attachment":[{"href":"https:\/\/ijcieom.org\/2023\/index.php?rest_route=%2Fwp%2Fv2%2Fmedia&parent=782"}],"curies":[{"name":"wp","href":"https:\/\/api.w.org\/{rel}","templated":true}]}}