{"id":142,"date":"2019-11-11T17:51:41","date_gmt":"2019-11-11T17:51:41","guid":{"rendered":"http:\/\/portalabepro.hospedagemdesites.ws\/ijcieom\/?page_id=142"},"modified":"2025-04-30T16:05:48","modified_gmt":"2025-04-30T19:05:48","slug":"committees","status":"publish","type":"page","link":"https:\/\/ijcieom.org\/2025\/?page_id=142","title":{"rendered":"Committes"},"content":{"rendered":"\t\t<div data-elementor-type=\"wp-page\" data-elementor-id=\"142\" class=\"elementor elementor-142\" data-elementor-settings=\"[]\">\n\t\t\t<div class=\"elementor-inner\">\n\t\t\t\t<div class=\"elementor-section-wrap\">\n\t\t\t\t\t\t\t<section class=\"elementor-element elementor-element-241d8ce elementor-section-stretched elementor-section-full_width elementor-section-content-middle elementor-section-height-default elementor-section-height-default elementor-section elementor-top-section\" data-id=\"241d8ce\" data-element_type=\"section\" id=\"stickmenu\" data-settings=\"{&quot;stretch_section&quot;:&quot;section-stretched&quot;,&quot;background_background&quot;:&quot;classic&quot;}\">\n\t\t\t\t\t\t<div class=\"elementor-container elementor-column-gap-default\">\n\t\t\t\t<div class=\"elementor-row\">\n\t\t\t\t<div class=\"elementor-element elementor-element-36ad508 elementor-column elementor-col-33 elementor-top-column\" data-id=\"36ad508\" data-element_type=\"column\">\n\t\t\t<div class=\"elementor-column-wrap  elementor-element-populated\">\n\t\t\t\t\t<div class=\"elementor-widget-wrap\">\n\t\t\t\t<div class=\"elementor-element elementor-element-07cc4e2 elementor-widget elementor-widget-image\" data-id=\"07cc4e2\" data-element_type=\"widget\" data-widget_type=\"image.default\">\n\t\t\t\t<div class=\"elementor-widget-container\">\n\t\t\t\t\t<div class=\"elementor-image\">\n\t\t\t\t\t\t\t\t\t\t<img decoding=\"async\" src=\"https:\/\/ijcieom.org\/2025\/wp-content\/uploads\/2025\/02\/WhatsApp-Image-2025-02-02-at-14.03.16-2.jpeg\" title=\"WhatsApp Image 2025-02-02 at 14.03.16 (2)\" alt=\"WhatsApp Image 2025-02-02 at 14.03.16 (2)\" \/>\t\t\t\t\t\t\t\t\t\t\t<\/div>\n\t\t\t\t<\/div>\n\t\t\t\t<\/div>\n\t\t\t\t\t\t<\/div>\n\t\t\t<\/div>\n\t\t<\/div>\n\t\t\t\t<div class=\"elementor-element elementor-element-01f9546 elementor-column elementor-col-33 elementor-top-column\" data-id=\"01f9546\" data-element_type=\"column\">\n\t\t\t<div class=\"elementor-column-wrap  elementor-element-populated\">\n\t\t\t\t\t<div class=\"elementor-widget-wrap\">\n\t\t\t\t<div class=\"elementor-element elementor-element-7a05eef elementor-align-center elementor-mobile-align-center elementor-widget elementor-widget-default-navmenu\" data-id=\"7a05eef\" data-element_type=\"widget\" data-widget_type=\"default-navmenu.default\">\n\t\t\t\t<div class=\"elementor-widget-container\">\n\t\t\t<div id=\"elementor-header-primary\" class=\"elementor-header\">\t\t\t<button id=\"elementor-menu-toggle\" class=\"elementor-menu-toggle\"><i class=\"fa fa-navicon\"><\/i><\/button>\n\t\t\t<div id=\"elementor-menu\" class=\"elementor-menu\">\n\t\t\t\n\t\t\t\t<nav itemtype=\"http:\/\/schema.org\/SiteNavigationElement\" itemscope=\"itemscope\" id=\"elementor-navigation\" class=\"elementor-navigation\" role=\"navigation\" aria-label=\"Elementor Menu\">\t\t\t\t\n\t\t\t\t<ul id=\"elementor-navmenu\" class=\"elementor-nav-menu\"><li id=\"menu-item-52\" class=\"menu-item menu-item-type-post_type menu-item-object-page menu-item-home menu-item-52\"><a href=\"https:\/\/ijcieom.org\/2025\/\">Home<\/a><\/li>\n<li id=\"menu-item-966\" class=\"menu-item menu-item-type-post_type menu-item-object-page menu-item-966\"><a href=\"https:\/\/ijcieom.org\/2025\/?page_id=94\">Registration<\/a><\/li>\n<li id=\"menu-item-971\" class=\"menu-item menu-item-type-post_type menu-item-object-page menu-item-971\"><a href=\"https:\/\/ijcieom.org\/2025\/?page_id=148\">Agenda &#038; Keynotes<\/a><\/li>\n<li id=\"menu-item-1036\" class=\"menu-item menu-item-type-post_type menu-item-object-page menu-item-1036\"><a href=\"https:\/\/ijcieom.org\/2025\/?page_id=782\">Awards<\/a><\/li>\n<li id=\"menu-item-91\" class=\"menu-item menu-item-type-post_type menu-item-object-page menu-item-91\"><a href=\"https:\/\/ijcieom.org\/2025\/?page_id=54\">Submission<\/a><\/li>\n<li id=\"menu-item-846\" class=\"menu-item menu-item-type-custom menu-item-object-custom menu-item-has-children menu-item-846\"><a href=\"http:\/\/ijcieom.org\/2025?page_id=240\">Practical Information<\/a>\n<ul class=\"sub-menu\">\n\t<li id=\"menu-item-1006\" class=\"menu-item menu-item-type-post_type menu-item-object-page menu-item-1006\"><a href=\"https:\/\/ijcieom.org\/2025\/?page_id=240\">Venue<\/a><\/li>\n\t<li id=\"menu-item-144\" class=\"menu-item menu-item-type-post_type menu-item-object-page menu-item-144\"><a href=\"https:\/\/ijcieom.org\/2025\/?page_id=142\">Committees<\/a><\/li>\n\t<li id=\"menu-item-489\" class=\"menu-item menu-item-type-post_type menu-item-object-page menu-item-489\"><a href=\"https:\/\/ijcieom.org\/2025\/?page_id=488\">Previous editions<\/a><\/li>\n<\/ul>\n<\/li>\n<\/ul>\t\t\n\t\t\t\t\t\t\t\t<\/nav>\n\t\t\t<\/div>\n\t\t<\/div>\n\t\t\t\t<\/div>\n\t\t\t\t<\/div>\n\t\t\t\t\t\t<\/div>\n\t\t\t<\/div>\n\t\t<\/div>\n\t\t\t\t<div class=\"elementor-element elementor-element-f519c11 elementor-column elementor-col-33 elementor-top-column\" data-id=\"f519c11\" data-element_type=\"column\">\n\t\t\t<div class=\"elementor-column-wrap  elementor-element-populated\">\n\t\t\t\t\t<div class=\"elementor-widget-wrap\">\n\t\t\t\t<div class=\"elementor-element elementor-element-880ab40 elementor-hidden-desktop elementor-widget elementor-widget-text-editor\" data-id=\"880ab40\" data-element_type=\"widget\" data-widget_type=\"text-editor.default\">\n\t\t\t\t<div class=\"elementor-widget-container\">\n\t\t\t\t\t<div class=\"elementor-text-editor elementor-clearfix\"><p><strong>MENU<\/strong><\/p><\/div>\n\t\t\t\t<\/div>\n\t\t\t\t<\/div>\n\t\t\t\t\t\t<\/div>\n\t\t\t<\/div>\n\t\t<\/div>\n\t\t\t\t\t\t<\/div>\n\t\t\t<\/div>\n\t\t<\/section>\n\t\t\t\t<section class=\"elementor-element elementor-element-ac18672 elementor-section-height-min-height elementor-section-boxed elementor-section-height-default elementor-section-items-middle elementor-section elementor-top-section\" data-id=\"ac18672\" data-element_type=\"section\" data-settings=\"{&quot;background_background&quot;:&quot;classic&quot;}\">\n\t\t\t\t\t\t\t<div class=\"elementor-background-overlay\"><\/div>\n\t\t\t\t\t\t\t<div class=\"elementor-container elementor-column-gap-default\">\n\t\t\t\t<div class=\"elementor-row\">\n\t\t\t\t<div class=\"elementor-element elementor-element-75aacb2 elementor-column elementor-col-100 elementor-top-column\" data-id=\"75aacb2\" data-element_type=\"column\">\n\t\t\t<div class=\"elementor-column-wrap  elementor-element-populated\">\n\t\t\t\t\t<div class=\"elementor-widget-wrap\">\n\t\t\t\t<div class=\"elementor-element elementor-element-7f18f63 elementor-widget elementor-widget-spacer\" data-id=\"7f18f63\" data-element_type=\"widget\" data-widget_type=\"spacer.default\">\n\t\t\t\t<div class=\"elementor-widget-container\">\n\t\t\t\t\t<div class=\"elementor-spacer\">\n\t\t\t<div class=\"elementor-spacer-inner\"><\/div>\n\t\t<\/div>\n\t\t\t\t<\/div>\n\t\t\t\t<\/div>\n\t\t\t\t<div class=\"elementor-element elementor-element-a4dcbf5 elementor-invisible elementor-widget elementor-widget-text-editor\" data-id=\"a4dcbf5\" data-element_type=\"widget\" data-settings=\"{&quot;_animation&quot;:&quot;fadeInRight&quot;}\" data-widget_type=\"text-editor.default\">\n\t\t\t\t<div class=\"elementor-widget-container\">\n\t\t\t\t\t<div class=\"elementor-text-editor elementor-clearfix\"><p>31st IJCIEOM &#8211; International Joint Conference on Industrial Engineering and Operations Management<\/p><\/div>\n\t\t\t\t<\/div>\n\t\t\t\t<\/div>\n\t\t\t\t<div class=\"elementor-element elementor-element-7fbd834 elementor-widget-divider--view-line elementor-invisible elementor-widget elementor-widget-divider\" data-id=\"7fbd834\" data-element_type=\"widget\" data-settings=\"{&quot;_animation&quot;:&quot;fadeInRight&quot;}\" data-widget_type=\"divider.default\">\n\t\t\t\t<div class=\"elementor-widget-container\">\n\t\t\t\t\t<div class=\"elementor-divider\">\n\t\t\t<span class=\"elementor-divider-separator\">\n\t\t\t\t\t\t<\/span>\n\t\t<\/div>\n\t\t\t\t<\/div>\n\t\t\t\t<\/div>\n\t\t\t\t<div class=\"elementor-element elementor-element-2ea96fe elementor-invisible elementor-widget elementor-widget-text-editor\" data-id=\"2ea96fe\" data-element_type=\"widget\" data-settings=\"{&quot;_animation&quot;:&quot;fadeInRight&quot;}\" data-widget_type=\"text-editor.default\">\n\t\t\t\t<div class=\"elementor-widget-container\">\n\t\t\t\t\t<div class=\"elementor-text-editor elementor-clearfix\"><p>COMMITTEES<\/p><\/div>\n\t\t\t\t<\/div>\n\t\t\t\t<\/div>\n\t\t\t\t\t\t<\/div>\n\t\t\t<\/div>\n\t\t<\/div>\n\t\t\t\t\t\t<\/div>\n\t\t\t<\/div>\n\t\t<\/section>\n\t\t\t\t<section class=\"elementor-element elementor-element-21a49ca elementor-section-boxed elementor-section-height-default elementor-section-height-default elementor-section elementor-top-section\" data-id=\"21a49ca\" data-element_type=\"section\">\n\t\t\t\t\t\t<div class=\"elementor-container elementor-column-gap-default\">\n\t\t\t\t<div class=\"elementor-row\">\n\t\t\t\t<div class=\"elementor-element elementor-element-4812b16 elementor-column elementor-col-100 elementor-top-column\" data-id=\"4812b16\" data-element_type=\"column\">\n\t\t\t<div class=\"elementor-column-wrap  elementor-element-populated\">\n\t\t\t\t\t<div class=\"elementor-widget-wrap\">\n\t\t\t\t<div class=\"elementor-element elementor-element-17ea790 elementor-invisible elementor-widget elementor-widget-divider\" data-id=\"17ea790\" data-element_type=\"widget\" data-settings=\"{&quot;_animation&quot;:&quot;fadeInRight&quot;}\" data-widget_type=\"divider.default\">\n\t\t\t\t<div class=\"elementor-widget-container\">\n\t\t\t\t\t<div class=\"elementor-divider\">\n\t\t\t<span class=\"elementor-divider-separator\">\n\t\t\t\t\t\t<\/span>\n\t\t<\/div>\n\t\t\t\t<\/div>\n\t\t\t\t<\/div>\n\t\t\t\t<div class=\"elementor-element elementor-element-e82f0be elementor-invisible elementor-widget elementor-widget-text-editor\" data-id=\"e82f0be\" data-element_type=\"widget\" data-settings=\"{&quot;_animation&quot;:&quot;fadeInLeft&quot;}\" data-widget_type=\"text-editor.default\">\n\t\t\t\t<div class=\"elementor-widget-container\">\n\t\t\t\t\t<div class=\"elementor-text-editor elementor-clearfix\"><p><strong>Conference chairs<\/strong><\/p>\n<ul>\n<li>Facchini Francesco (Polytechnic University of Bari, Italy)<\/li>\n<li>Mummolo Giovanni (University of Bari, Italy)<\/li>\n<li>Sassanelli Claudio (Polytechnic University of Bari, Italy)<\/li>\n<\/ul>\n<p><b>Organizing Committee:<\/b><\/p>\n<ul>\n<li>Ant\u00f4nio Cezar Bornia&nbsp;<span style=\"font-family: Roboto, sans-serif; font-size: 17px; font-style: normal; font-variant-ligatures: normal; font-variant-caps: normal; font-weight: 300;\">(ABEPRO, Brazil)<\/span><\/li>\n<li>Antonio M\u00e1rcio Thom\u00e9 (PUC-Rio, Brazil)<\/li>\n<li>Carlos Eduardo Sanches da Silva (<span style=\"font-family: Roboto, sans-serif; font-size: 17px; font-style: normal; font-variant-ligatures: normal; font-variant-caps: normal; font-weight: 300;\">ABEPRO, Brazil)<\/span><\/li>\n<li>Daniel Pacheco Lacerda&nbsp;<span style=\"font-family: Roboto, sans-serif; font-size: 17px; font-style: normal; font-variant-ligatures: normal; font-variant-caps: normal; font-weight: 300;\">(ABEPRO, Brazil)<\/span><\/li>\n<li>Denise Dumke de Medeiros (<span style=\"font-family: Roboto, sans-serif; font-size: 17px; font-style: normal; font-variant-ligatures: normal; font-variant-caps: normal; font-weight: 300;\">ABEPRO, Brazil)<\/span><\/li>\n<li>Francisco Gaud\u00eancio Freires (ABEPRO, Brazil)<\/li>\n<li>Gino Lim (IISE, USA)<\/li>\n<li>Jayant Rajgopal (IISE, USA)<\/li>\n<li>Jo\u00e3o Gon\u00e7alves Reis (Lus\u00f3fona University, Portugal) \u2013 Co-chair<\/li>\n<li>Maria Del Mar Eva Alemany (ADINGOR, Spain)<\/li>\n<li>Marlene Amorim (Univ de Aveiro, Portugal)<\/li>\n<li>Milton Vieira J\u00fanior (ABEPRO, Brazil)<\/li>\n<li>Rafael Barbastefano (ABEPRO, Brazil)<\/li>\n<li>Rui Lima (Uminho, Portugal)<\/li>\n<li>Victor Manuel L\u00f3pez S\u00e1nchez (Universidad Anahu\u00e1c, Mexico)<\/li>\n<\/ul>\n<p><b><br>Local Organizing Committee:<\/b><\/p>\n<ul>\n<li>Facchini Francesco (Polytechnic University of Bari, Italy)<\/li>\n<li>Mummolo Giovanni (University of Bari, Italy)<\/li>\n<li>Sassanelli Claudio (Polytechnic University of Bari, Italy)<\/li>\n<li>Digiesi Salvatore (Polytechnic University of Bari, Italy)<\/li>\n<li>Mossa Giorgio (Polytechnic University of Bari, Italy)<\/li>\n<li>Lucchese Andrea (Polytechnic University of Bari, Italy)<\/li>\n<li>Vitti Micaela (Polytechnic University of Bari, Italy)<\/li>\n<li>Ferrante Mariantonietta (Polytechnic University of Bari, Italy)<\/li>\n<li>Iavagnilio Raffello Pio (Polytechnic University of Bari, Italy)<\/li>\n<\/ul>\n<p><b><br>Scientific Committee:<\/b><\/p>\n<ul>\n<li>Abdelaziz Bouras (Qatar University \u2013 Qatar)<\/li>\n<li>Adriana Hofmann Trevisan (Politecnico di Milano, Italy)<\/li>\n<li>Alexandra Lagorio (Universit\u00e0 degli Studi di Bergamo, Italy)<\/li>\n<li>Ana Esteso Alvarez (ADINGOR Secretary, Spain)<\/li>\n<li>\u00c2ngelo M\u00e1rcio Sant\u2019Anna (Federal University of Bahia, Brazil)<\/li>\n<li>Antonio Padovano (Universit\u00e0 della Calabria, Italy)<\/li>\n<li>Benoit Eynard (Universit\u00e9 de Technologie de Compi\u00e8gne \u2013 UTC, France)<\/li>\n<li>Carla Pereira (The Open University, UK)<\/li>\n<li>Chiara Cimini (Universit\u00e0 degli Studi di Bergamo, Italy)<\/li>\n<li>Claudio Sassanelli (Polytechnic University of Bari, Italy)<\/li>\n<li>Daniel Luiz De Mattos Nascimento (Universitat de Barcelona, Spain)<\/li>\n<li>Daryl Powell (Sintef Manufacturing AS, Norway)<\/li>\n<li>David Romero (Tecnol\u00f3gico de Monterrey, Mexico)&nbsp;<\/li><li>Elizabete Ribeiro Sanches da Silva (<span style=\"font-family: Roboto, sans-serif; font-size: 17px; font-style: normal; font-variant-ligatures: normal; font-variant-caps: normal; font-weight: 300;\">UNIFEI, Brazil)<\/span><\/li>\n<li>Fabiana Tornese (Universit\u00e0 del Salento, Italy)<\/li>\n<li>Federica Acerbi (Politecnico di Milano, Italy)<\/li>\n<li>Francesco Boenzi (Polytechnic University of Bari, Italy)<\/li>\n<li>Francesco Facchini (Polytechnic University of Bari, Italy)<\/li>\n<li>Francesco Longo (Universit\u00e0 della Calabria, Italy)<\/li>\n<li>Francesco Paolo Sisto (Polytechnic University of Bari, Italy)<\/li>\n<li>Francisco Gaud\u00eancio Freires (ABEPRO, Brazil)<\/li>\n<li>Geert Letens (Royal Military Academy, Belgium)<\/li>\n<li>Gino Lim (IISE, USA)<\/li>\n<li>Giorgio Mossa (Polytechnic University of Bari, Italy)<\/li>\n<li>Giovanni Mummolo(University of Bari, Italy)<\/li>\n<li>Giuditta Pezzotta (Universit\u00e0 degli Studi di Bergamo, Italy)<\/li>\n<li>Jayant Rajgopal (IISE, USA)<\/li>\n<li>Jo\u00e3o Reis (Lus\u00f3fona University, Portugal)<\/li>\n<li>Jos\u00e9 Carlos Prado (ADINGOR, Spain)<\/li>\n<li style=\"font-variant-ligatures: normal; font-variant-caps: normal; font-family: Roboto, sans-serif; font-size: 17px; font-style: normal; font-weight: 300;\">Jos\u00e9 Ferreira (UNINOVA-Instituto de Desenvolvimento de Novas Tecnologias, Portugal)<\/li>\n<li>Lucio Garcia Veraldo Junior (Infinity Academy 3D)<\/li>\n<li>Luigi Ranieri (Libera Universit\u00e0 Mediterranea \u201cGiuseppe Degennaro\u201d, Italy)<\/li>\n<li>Luis Antonio Santa-Eulalia (\u00c9cole de Gestion, Canada)<\/li>\n<li>Marco Bortolini (Alma Mater Studiorum Universit\u00e0 di Bologna, Italy)<\/li>\n<li>Maria Del Mar Eva Alemany (President ADINGOR, Spain)<\/li>\n<li>Maria Grazia Gnoni (Universit\u00e0 del Salento, Italy)<\/li>\n<li>Mario Chong (Universidad del Pacifico, Peru)<\/li>\n<li>Marlene Amorim (Aveiro University, Portugal)<\/li>\n<li>Martina Calzavara (Universit\u00e0 degli Studi di Padova, Italy)<\/li>\n<li>Matteo Rossini (Politecnico di Milano, Italy)<\/li>\n<li>Micaela Vitti (Polytecnic University of Bari, Italy)<\/li>\n<li>Michele Ottomanelli (Polytecnic University of Bari, Italy)<\/li>\n<li>Milton Vieira Junior (ABEPRO, Brazil)<\/li>\n<li>Monica Rossi (Politecnico di Milano, Italy)<\/li>\n<li>Ornella Benedettini (Polytechnic University of Bari, Italy)<\/li>\n<li>Paolo Rosa (Politecnico di Milano, Italy)<\/li>\n<li>Rafael Barbastefano (ABEPRO, Brazil)<\/li>\n<li>Romeo Bandinelli (University of Florence, Italy)<\/li>\n<li>Rui Lima (UMinho, Portugal)<\/li>\n<li>Ruth Carrasco-Gallego (Universidad Polit\u00e9cnica de Madrid, Spain)<\/li>\n<li>Salvatore Digiesi (Polytechnic University of Bari, Italy)<\/li>\n<li>Sergio Terzi (Politecnico di Milano, Italy)<\/li>\n<li>Torbjorn Netland (ETH Z\u00fcrich, Switzerland)<\/li>\n<li>Valentina Di Pasquale (Universit\u00e0 degli Studi di Salerno, Italy)<\/li>\n<li>Vasco Sanchez Rodrigues (Cardiff University, UK)<\/li>\n<li>Victor Manuel L\u00f3pez S\u00e1nchez (An\u00e1huac University, Mexico)<\/li>\n<li>Wilfried Sihn (Technische Universit\u00e4t Wien, Austria)<\/li>\n<li style=\"font-variant-ligatures: normal; font-variant-caps: normal; font-family: Roboto, sans-serif; font-size: 17px; font-style: normal; font-weight: 300;\">Yacine Ouzrout (Universit\u00e9 Lumi\u00e8re Lyon 2, France)<\/li>\n<li>Yuval Cohen (Afeka College of Engineering, Israel)<\/li>\n<\/ul>\n<p><b>International Secretary<\/b><\/p>\n<p><span style=\"font-weight: 400;\">Nui Eventos (ABEPRO &#8211; Brazil)<\/span><\/p><\/div>\n\t\t\t\t<\/div>\n\t\t\t\t<\/div>\n\t\t\t\t\t\t<\/div>\n\t\t\t<\/div>\n\t\t<\/div>\n\t\t\t\t\t\t<\/div>\n\t\t\t<\/div>\n\t\t<\/section>\n\t\t\t\t<section class=\"elementor-element elementor-element-066d4a8 elementor-section-stretched elementor-section-full_width elementor-section-height-min-height elementor-section-height-default elementor-section-items-middle elementor-section elementor-top-section\" data-id=\"066d4a8\" data-element_type=\"section\" data-settings=\"{&quot;stretch_section&quot;:&quot;section-stretched&quot;}\">\n\t\t\t\t\t\t\t<div class=\"elementor-background-overlay\"><\/div>\n\t\t\t\t\t\t\t<div class=\"elementor-container elementor-column-gap-default\">\n\t\t\t\t<div class=\"elementor-row\">\n\t\t\t\t<div class=\"elementor-element elementor-element-6bcdde2 elementor-column elementor-col-100 elementor-top-column\" data-id=\"6bcdde2\" data-element_type=\"column\">\n\t\t\t<div class=\"elementor-column-wrap  elementor-element-populated\">\n\t\t\t\t\t<div class=\"elementor-widget-wrap\">\n\t\t\t\t<div class=\"elementor-element elementor-element-c0900d5 elementor-invisible elementor-widget elementor-widget-heading\" data-id=\"c0900d5\" data-element_type=\"widget\" data-settings=\"{&quot;_animation&quot;:&quot;fadeInLeft&quot;}\" data-widget_type=\"heading.default\">\n\t\t\t\t<div class=\"elementor-widget-container\">\n\t\t\t<h2 class=\"elementor-heading-title elementor-size-large\">registration<\/h2>\t\t<\/div>\n\t\t\t\t<\/div>\n\t\t\t\t<div class=\"elementor-element elementor-element-682ba38 elementor-invisible elementor-widget elementor-widget-heading\" data-id=\"682ba38\" data-element_type=\"widget\" data-settings=\"{&quot;_animation&quot;:&quot;fadeInLeft&quot;}\" data-widget_type=\"heading.default\">\n\t\t\t\t<div class=\"elementor-widget-container\">\n\t\t\t<p class=\"elementor-heading-title elementor-size-medium\">This conference is aimed to enhance connection between academia and industry and to gather researchers and practitioners specializing<\/p>\t\t<\/div>\n\t\t\t\t<\/div>\n\t\t\t\t<div class=\"elementor-element elementor-element-981d626 elementor-button-info elementor-align-center elementor-invisible elementor-widget elementor-widget-button\" data-id=\"981d626\" data-element_type=\"widget\" data-settings=\"{&quot;_animation&quot;:&quot;fadeInLeft&quot;}\" data-widget_type=\"button.default\">\n\t\t\t\t<div class=\"elementor-widget-container\">\n\t\t\t\t\t<div class=\"elementor-button-wrapper\">\n\t\t\t<a href=\"https:\/\/portal.abepro.org.br\/ijcieom\/restrito\/index.php\" target=\"_blank\" class=\"elementor-button-link elementor-button elementor-size-sm elementor-animation-grow\" role=\"button\">\n\t\t\t\t\t\t<span class=\"elementor-button-content-wrapper\">\n\t\t\t\t\t\t<span class=\"elementor-button-text\">Register Here<\/span>\n\t\t<\/span>\n\t\t\t\t\t<\/a>\n\t\t<\/div>\n\t\t\t\t<\/div>\n\t\t\t\t<\/div>\n\t\t\t\t\t\t<\/div>\n\t\t\t<\/div>\n\t\t<\/div>\n\t\t\t\t\t\t<\/div>\n\t\t\t<\/div>\n\t\t<\/section>\n\t\t\t\t<section class=\"elementor-element elementor-element-2e79fc6 elementor-section-boxed elementor-section-height-default elementor-section-height-default elementor-section elementor-top-section\" data-id=\"2e79fc6\" data-element_type=\"section\">\n\t\t\t\t\t\t<div class=\"elementor-container elementor-column-gap-default\">\n\t\t\t\t<div class=\"elementor-row\">\n\t\t\t\t<div class=\"elementor-element elementor-element-305c7c5 elementor-column elementor-col-100 elementor-top-column\" data-id=\"305c7c5\" data-element_type=\"column\">\n\t\t\t<div class=\"elementor-column-wrap  elementor-element-populated\">\n\t\t\t\t\t<div class=\"elementor-widget-wrap\">\n\t\t\t\t<div class=\"elementor-element elementor-element-c6835bb elementor-widget elementor-widget-spacer\" data-id=\"c6835bb\" data-element_type=\"widget\" data-widget_type=\"spacer.default\">\n\t\t\t\t<div class=\"elementor-widget-container\">\n\t\t\t\t\t<div class=\"elementor-spacer\">\n\t\t\t<div class=\"elementor-spacer-inner\"><\/div>\n\t\t<\/div>\n\t\t\t\t<\/div>\n\t\t\t\t<\/div>\n\t\t\t\t<div class=\"elementor-element elementor-element-d821f85 elementor-widget elementor-widget-text-editor\" data-id=\"d821f85\" data-element_type=\"widget\" data-widget_type=\"text-editor.default\">\n\t\t\t\t<div class=\"elementor-widget-container\">\n\t\t\t\t\t<div class=\"elementor-text-editor elementor-clearfix\"><p>By ABEPRO \/\u00a0<span style=\"font-family: Roboto, sans-serif; font-size: 17px; font-style: normal; font-variant-ligatures: normal; font-variant-caps: normal; font-weight: 400;\">ijcieom@abepro.org.br\u00a0<\/span><\/p><\/div>\n\t\t\t\t<\/div>\n\t\t\t\t<\/div>\n\t\t\t\t\t\t<\/div>\n\t\t\t<\/div>\n\t\t<\/div>\n\t\t\t\t\t\t<\/div>\n\t\t\t<\/div>\n\t\t<\/section>\n\t\t\t\t\t\t<\/div>\n\t\t\t<\/div>\n\t\t<\/div>\n\t\t","protected":false},"excerpt":{"rendered":"<p>Home Registration Agenda &#038; Keynotes Awards Submission Practical Information Venue Committees Previous editions MENU 31st IJCIEOM &#8211; International Joint Conference on Industrial Engineering and Operations Management COMMITTEES Conference chairs Facchini Francesco (Polytechnic University of Bari, Italy) Mummolo Giovanni (University of Bari, Italy) Sassanelli Claudio (Polytechnic University of Bari, Italy) Organizing Committee: Ant\u00f4nio Cezar Bornia&nbsp;(ABEPRO, Brazil) [&hellip;]<\/p>\n","protected":false},"author":1,"featured_media":0,"parent":0,"menu_order":0,"comment_status":"closed","ping_status":"closed","template":"elementor_canvas","meta":{"footnotes":""},"class_list":["post-142","page","type-page","status-publish","hentry","entry"],"_links":{"self":[{"href":"https:\/\/ijcieom.org\/2025\/index.php?rest_route=\/wp\/v2\/pages\/142"}],"collection":[{"href":"https:\/\/ijcieom.org\/2025\/index.php?rest_route=\/wp\/v2\/pages"}],"about":[{"href":"https:\/\/ijcieom.org\/2025\/index.php?rest_route=\/wp\/v2\/types\/page"}],"author":[{"embeddable":true,"href":"https:\/\/ijcieom.org\/2025\/index.php?rest_route=\/wp\/v2\/users\/1"}],"replies":[{"embeddable":true,"href":"https:\/\/ijcieom.org\/2025\/index.php?rest_route=%2Fwp%2Fv2%2Fcomments&post=142"}],"version-history":[{"count":78,"href":"https:\/\/ijcieom.org\/2025\/index.php?rest_route=\/wp\/v2\/pages\/142\/revisions"}],"predecessor-version":[{"id":1396,"href":"https:\/\/ijcieom.org\/2025\/index.php?rest_route=\/wp\/v2\/pages\/142\/revisions\/1396"}],"wp:attachment":[{"href":"https:\/\/ijcieom.org\/2025\/index.php?rest_route=%2Fwp%2Fv2%2Fmedia&parent=142"}],"curies":[{"name":"wp","href":"https:\/\/api.w.org\/{rel}","templated":true}]}}